{"id":10838,"date":"2024-02-25T19:27:16","date_gmt":"2024-02-25T19:27:16","guid":{"rendered":"https:\/\/devetoper.com\/?page_id=10838"},"modified":"2024-06-07T15:47:10","modified_gmt":"2024-06-07T13:47:10","slug":"coming-soon","status":"publish","type":"page","link":"https:\/\/devetoper.com\/en\/coming-soon\/","title":{"rendered":"COMING SOON"},"content":{"rendered":"\n<div class=\"wp-block-nk-awb nk-awb\" style=\"min-height:0vh\"><div class=\"nk-awb-wrap\" data-awb-type=\"image\" data-awb-parallax=\"scroll\" data-awb-parallax-speed=\"0.5\" data-awb-parallax-mobile=\"false\" data-awb-image-background-size=\"cover\" data-awb-image-background-position=\"50% 50%\"><div class=\"nk-awb-overlay\" style=\"background: linear-gradient(90deg,rgb(255,255,255) 40%,rgba(0,0,0,0) 100%);\"><\/div><div class=\"nk-awb-inner\"><img loading=\"lazy\" decoding=\"async\" src=\"https:\/\/devetoper.com\/wp-content\/uploads\/2024\/04\/home11.png\" class=\"wp-image-14884 jarallax-img\" width=\"1920\" height=\"1080\" srcset=\"https:\/\/devetoper.com\/wp-content\/uploads\/2024\/04\/home11.png 1920w, https:\/\/devetoper.com\/wp-content\/uploads\/2024\/04\/home11-450x253.png 450w, https:\/\/devetoper.com\/wp-content\/uploads\/2024\/04\/home11-1024x576.png 1024w, https:\/\/devetoper.com\/wp-content\/uploads\/2024\/04\/home11-768x432.png 768w, https:\/\/devetoper.com\/wp-content\/uploads\/2024\/04\/home11-1536x864.png 1536w\" sizes=\"auto, (max-width: 1920px) 100vw, 1920px\" \/><\/div><\/div><div class=\"nk-awb-wrap-content is-layout-constrained wp-block-awb-is-layout-constrained\"><style>.kb-row-layout-id10838_949d0a-1b > .kt-row-column-wrap{align-content:center;}:where(.kb-row-layout-id10838_949d0a-1b > .kt-row-column-wrap) > .wp-block-kadence-column{justify-content:center;}.kb-row-layout-id10838_949d0a-1b > .kt-row-column-wrap{column-gap:var(--global-kb-gap-md, 2rem);row-gap:var(--global-kb-gap-none, 0rem );max-width:var( --global-content-width, 1290px );padding-left:var(--global-content-edge-padding);padding-right:var(--global-content-edge-padding);padding-top:var(--global-kb-spacing-5xl, 10rem);padding-bottom:var(--global-kb-spacing-5xl, 10rem);min-height:95vh;grid-template-columns:minmax(0, 1fr);}.kb-row-layout-id10838_949d0a-1b > .kt-row-layout-overlay{opacity:1;}@media all and (max-width: 1024px){.kb-row-layout-id10838_949d0a-1b > .kt-row-column-wrap{padding-top:var(--global-kb-spacing-3xl, 6.5rem);padding-bottom:var(--global-kb-spacing-3xl, 6.5rem);min-height:100vh;grid-template-columns:minmax(0, 1fr);}}@media all and (max-width: 1024px){.kb-row-layout-id10838_949d0a-1b > .kt-row-layout-overlay{opacity:0.90;background:linear-gradient(180deg,var(--global-palette8,#F7FAFC) 53%,rgba(247,250,252,0) 100%);}}@media all and (max-width: 767px){.kb-row-layout-id10838_949d0a-1b > .kt-row-column-wrap{padding-top:var(--global-kb-spacing-lg, 3rem);padding-bottom:var(--global-kb-spacing-lg, 3rem);min-height:100vh;grid-template-columns:minmax(0, 1fr);}.kb-row-layout-id10838_949d0a-1b > .kt-row-layout-overlay{opacity:0.90;background:linear-gradient(180deg,var(--global-palette8,#F7FAFC) 61%,rgba(247,250,252,0) 100%);}}<\/style><div class=\"kb-row-layout-wrap kb-row-layout-id10838_949d0a-1b alignfull kt-row-has-bg wp-block-kadence-rowlayout\"><div class=\"kt-row-layout-overlay kt-row-overlay-normal\"><\/div><div class=\"kt-row-column-wrap kt-has-1-columns kt-row-layout-equal kt-tab-layout-inherit kt-mobile-layout-row kt-row-valign-middle kb-theme-content-width\">\n<style>.kadence-column10838_83fb86-d5 > .kt-inside-inner-col{display:flex;}.kadence-column10838_83fb86-d5 > .kt-inside-inner-col{padding-bottom:var(--global-kb-spacing-4xl, 8rem);}.kadence-column10838_83fb86-d5 > .kt-inside-inner-col,.kadence-column10838_83fb86-d5 > .kt-inside-inner-col:before{border-top-left-radius:0px;border-top-right-radius:0px;border-bottom-right-radius:0px;border-bottom-left-radius:0px;}.kadence-column10838_83fb86-d5 > .kt-inside-inner-col{row-gap:var(--global-kb-gap-none, 0rem );column-gap:var(--global-kb-gap-sm, 1rem);}.kadence-column10838_83fb86-d5 > .kt-inside-inner-col{flex-direction:column;}.kadence-column10838_83fb86-d5 > .kt-inside-inner-col > .aligncenter{width:100%;}.kadence-column10838_83fb86-d5 > .kt-inside-inner-col:before{opacity:0.3;}.kadence-column10838_83fb86-d5{position:relative;}@media all and (max-width: 1024px){.kadence-column10838_83fb86-d5{text-align:center;}}@media all and (max-width: 1024px){.kadence-column10838_83fb86-d5 > .kt-inside-inner-col{flex-direction:column;}}@media all and (max-width: 767px){.kadence-column10838_83fb86-d5 > .kt-inside-inner-col{flex-direction:column;}}<\/style>\n<div class=\"wp-block-kadence-column kadence-column10838_83fb86-d5 kb-section-dir-vertical inner-column-1\"><div class=\"kt-inside-inner-col\">\n<p style=\"font-size:64px\"><strong>DEVETOPER IS COMING SOON&#8230;<\/strong><\/p>\n\n\n<style>.wp-block-kadence-advancedheading.kt-adv-heading10838_8913ae-e6, .wp-block-kadence-advancedheading.kt-adv-heading10838_8913ae-e6[data-kb-block=\"kb-adv-heading10838_8913ae-e6\"]{display:block;font-size:48px;font-style:normal;}.wp-block-kadence-advancedheading.kt-adv-heading10838_8913ae-e6 mark.kt-highlight, .wp-block-kadence-advancedheading.kt-adv-heading10838_8913ae-e6[data-kb-block=\"kb-adv-heading10838_8913ae-e6\"] mark.kt-highlight{font-style:normal;color:#f76a0c;-webkit-box-decoration-break:clone;box-decoration-break:clone;padding-top:0px;padding-right:0px;padding-bottom:0px;padding-left:0px;}<\/style>\n<span class=\"kt-adv-heading10838_8913ae-e6 wp-block-kadence-advancedheading\" data-kb-block=\"kb-adv-heading10838_8913ae-e6\"><br><strong>New system &#8211; New technology<\/strong><\/span>\n\n\n<style>.wp-block-kadence-advancedheading.kt-adv-heading10838_085605-6c, .wp-block-kadence-advancedheading.kt-adv-heading10838_085605-6c[data-kb-block=\"kb-adv-heading10838_085605-6c\"]{display:block;padding-bottom:0px;font-size:24px;font-weight:400;font-style:normal;}.wp-block-kadence-advancedheading.kt-adv-heading10838_085605-6c mark.kt-highlight, .wp-block-kadence-advancedheading.kt-adv-heading10838_085605-6c[data-kb-block=\"kb-adv-heading10838_085605-6c\"] mark.kt-highlight{font-style:normal;color:#f76a0c;-webkit-box-decoration-break:clone;box-decoration-break:clone;padding-top:0px;padding-right:0px;padding-bottom:0px;padding-left:0px;}@media all and (max-width: 1024px){.wp-block-kadence-advancedheading.kt-adv-heading10838_085605-6c, .wp-block-kadence-advancedheading.kt-adv-heading10838_085605-6c[data-kb-block=\"kb-adv-heading10838_085605-6c\"]{text-align:center!important;}}<\/style>\n<span class=\"kt-adv-heading10838_085605-6c wp-block-kadence-advancedheading has-theme-palette-4-color has-text-color\" data-kb-block=\"kb-adv-heading10838_085605-6c\">Professionalism that ensures the security of every transaction<\/span>\n<\/div><\/div>\n\n<\/div><\/div><\/div><\/div>\n","protected":false},"excerpt":{"rendered":"","protected":false},"author":1,"featured_media":0,"parent":0,"menu_order":0,"comment_status":"closed","ping_status":"closed","template":"","meta":{"_acf_changed":false,"_kad_blocks_custom_css":"","_kad_blocks_head_custom_js":"","_kad_blocks_body_custom_js":"","_kad_blocks_footer_custom_js":"","_kad_post_transparent":"enable","_kad_post_title":"hide","_kad_post_layout":"fullwidth","_kad_post_sidebar_id":"","_kad_post_content_style":"unboxed","_kad_post_vertical_padding":"hide","_kad_post_feature":"","_kad_post_feature_position":"","_kad_post_header":true,"_kad_post_footer":true,"_joinchat":[],"footnotes":""},"class_list":["post-10838","page","type-page","status-publish","hentry"],"acf":[],"yoast_head":"<!-- This site is optimized with the Yoast SEO plugin v24.5 - https:\/\/yoast.com\/wordpress\/plugins\/seo\/ -->\n<title>COMING SOON - Devetoper<\/title>\n<meta name=\"robots\" content=\"index, follow, max-snippet:-1, max-image-preview:large, max-video-preview:-1\" \/>\n<link rel=\"canonical\" href=\"https:\/\/devetoper.com\/en\/coming-soon\/\" \/>\n<meta property=\"og:locale\" content=\"en_US\" \/>\n<meta property=\"og:type\" content=\"article\" \/>\n<meta property=\"og:title\" content=\"COMING SOON - Devetoper\" \/>\n<meta property=\"og:url\" content=\"https:\/\/devetoper.com\/en\/coming-soon\/\" \/>\n<meta property=\"og:site_name\" content=\"Devetoper\" \/>\n<meta property=\"article:publisher\" content=\"https:\/\/www.facebook.com\/DEVETOPERCOM\" \/>\n<meta property=\"article:modified_time\" content=\"2024-06-07T13:47:10+00:00\" \/>\n<meta property=\"og:image\" content=\"https:\/\/devetoper.com\/wp-content\/uploads\/2024\/04\/home11.png\" \/>\n<meta name=\"twitter:card\" content=\"summary_large_image\" \/>\n<meta name=\"twitter:site\" content=\"@DEVETOPER\" \/>\n<script type=\"application\/ld+json\" class=\"yoast-schema-graph\">{\"@context\":\"https:\/\/schema.org\",\"@graph\":[{\"@type\":\"WebPage\",\"@id\":\"https:\/\/devetoper.com\/en\/coming-soon\/\",\"url\":\"https:\/\/devetoper.com\/en\/coming-soon\/\",\"name\":\"COMING SOON - Devetoper\",\"isPartOf\":{\"@id\":\"https:\/\/devetoper.com\/en\/#website\"},\"primaryImageOfPage\":{\"@id\":\"https:\/\/devetoper.com\/en\/coming-soon\/#primaryimage\"},\"image\":{\"@id\":\"https:\/\/devetoper.com\/en\/coming-soon\/#primaryimage\"},\"thumbnailUrl\":\"https:\/\/devetoper.com\/wp-content\/uploads\/2024\/04\/home11.png\",\"datePublished\":\"2024-02-25T19:27:16+00:00\",\"dateModified\":\"2024-06-07T13:47:10+00:00\",\"breadcrumb\":{\"@id\":\"https:\/\/devetoper.com\/en\/coming-soon\/#breadcrumb\"},\"inLanguage\":\"en-US\",\"potentialAction\":[{\"@type\":\"ReadAction\",\"target\":[\"https:\/\/devetoper.com\/en\/coming-soon\/\"]}]},{\"@type\":\"ImageObject\",\"inLanguage\":\"en-US\",\"@id\":\"https:\/\/devetoper.com\/en\/coming-soon\/#primaryimage\",\"url\":\"https:\/\/devetoper.com\/wp-content\/uploads\/2024\/04\/home11.png\",\"contentUrl\":\"https:\/\/devetoper.com\/wp-content\/uploads\/2024\/04\/home11.png\"},{\"@type\":\"BreadcrumbList\",\"@id\":\"https:\/\/devetoper.com\/en\/coming-soon\/#breadcrumb\",\"itemListElement\":[{\"@type\":\"ListItem\",\"position\":1,\"name\":\"Home\",\"item\":\"https:\/\/devetoper.com\/en\/\"},{\"@type\":\"ListItem\",\"position\":2,\"name\":\"COMING SOON\"}]},{\"@type\":\"WebSite\",\"@id\":\"https:\/\/devetoper.com\/en\/#website\",\"url\":\"https:\/\/devetoper.com\/en\/\",\"name\":\"Devetoper\",\"description\":\"Profesjonalizm, kt\u00f3ry zapewnia bezpiecze\u0144stwo ka\u017cdej transakcji\",\"publisher\":{\"@id\":\"https:\/\/devetoper.com\/en\/#organization\"},\"potentialAction\":[{\"@type\":\"SearchAction\",\"target\":{\"@type\":\"EntryPoint\",\"urlTemplate\":\"https:\/\/devetoper.com\/en\/?s={search_term_string}\"},\"query-input\":{\"@type\":\"PropertyValueSpecification\",\"valueRequired\":true,\"valueName\":\"search_term_string\"}}],\"inLanguage\":\"en-US\"},{\"@type\":\"Organization\",\"@id\":\"https:\/\/devetoper.com\/en\/#organization\",\"name\":\"Devetoper\",\"url\":\"https:\/\/devetoper.com\/en\/\",\"logo\":{\"@type\":\"ImageObject\",\"inLanguage\":\"en-US\",\"@id\":\"https:\/\/devetoper.com\/en\/#\/schema\/logo\/image\/\",\"url\":\"https:\/\/devetoper.com\/wp-content\/uploads\/2024\/05\/ORG_FALLBACK.png\",\"contentUrl\":\"https:\/\/devetoper.com\/wp-content\/uploads\/2024\/05\/ORG_FALLBACK.png\",\"width\":696,\"height\":696,\"caption\":\"Devetoper\"},\"image\":{\"@id\":\"https:\/\/devetoper.com\/en\/#\/schema\/logo\/image\/\"},\"sameAs\":[\"https:\/\/www.facebook.com\/DEVETOPERCOM\",\"https:\/\/x.com\/DEVETOPER\",\"https:\/\/www.youtube.com\/channel\/UCRF8haCQIXnFKmW464sqApQ\",\"https:\/\/www.tiktok.com\/@devetoper\",\"https:\/\/www.instagram.com\/devetoper_\/\"]}]}<\/script>\n<!-- \/ Yoast SEO plugin. -->","yoast_head_json":{"title":"COMING SOON - Devetoper","robots":{"index":"index","follow":"follow","max-snippet":"max-snippet:-1","max-image-preview":"max-image-preview:large","max-video-preview":"max-video-preview:-1"},"canonical":"https:\/\/devetoper.com\/en\/coming-soon\/","og_locale":"en_US","og_type":"article","og_title":"COMING SOON - Devetoper","og_url":"https:\/\/devetoper.com\/en\/coming-soon\/","og_site_name":"Devetoper","article_publisher":"https:\/\/www.facebook.com\/DEVETOPERCOM","article_modified_time":"2024-06-07T13:47:10+00:00","og_image":[{"url":"https:\/\/devetoper.com\/wp-content\/uploads\/2024\/04\/home11.png","type":"","width":"","height":""}],"twitter_card":"summary_large_image","twitter_site":"@DEVETOPER","schema":{"@context":"https:\/\/schema.org","@graph":[{"@type":"WebPage","@id":"https:\/\/devetoper.com\/en\/coming-soon\/","url":"https:\/\/devetoper.com\/en\/coming-soon\/","name":"COMING SOON - Devetoper","isPartOf":{"@id":"https:\/\/devetoper.com\/en\/#website"},"primaryImageOfPage":{"@id":"https:\/\/devetoper.com\/en\/coming-soon\/#primaryimage"},"image":{"@id":"https:\/\/devetoper.com\/en\/coming-soon\/#primaryimage"},"thumbnailUrl":"https:\/\/devetoper.com\/wp-content\/uploads\/2024\/04\/home11.png","datePublished":"2024-02-25T19:27:16+00:00","dateModified":"2024-06-07T13:47:10+00:00","breadcrumb":{"@id":"https:\/\/devetoper.com\/en\/coming-soon\/#breadcrumb"},"inLanguage":"en-US","potentialAction":[{"@type":"ReadAction","target":["https:\/\/devetoper.com\/en\/coming-soon\/"]}]},{"@type":"ImageObject","inLanguage":"en-US","@id":"https:\/\/devetoper.com\/en\/coming-soon\/#primaryimage","url":"https:\/\/devetoper.com\/wp-content\/uploads\/2024\/04\/home11.png","contentUrl":"https:\/\/devetoper.com\/wp-content\/uploads\/2024\/04\/home11.png"},{"@type":"BreadcrumbList","@id":"https:\/\/devetoper.com\/en\/coming-soon\/#breadcrumb","itemListElement":[{"@type":"ListItem","position":1,"name":"Home","item":"https:\/\/devetoper.com\/en\/"},{"@type":"ListItem","position":2,"name":"COMING SOON"}]},{"@type":"WebSite","@id":"https:\/\/devetoper.com\/en\/#website","url":"https:\/\/devetoper.com\/en\/","name":"Devetoper","description":"Profesjonalizm, kt\u00f3ry zapewnia bezpiecze\u0144stwo ka\u017cdej transakcji","publisher":{"@id":"https:\/\/devetoper.com\/en\/#organization"},"potentialAction":[{"@type":"SearchAction","target":{"@type":"EntryPoint","urlTemplate":"https:\/\/devetoper.com\/en\/?s={search_term_string}"},"query-input":{"@type":"PropertyValueSpecification","valueRequired":true,"valueName":"search_term_string"}}],"inLanguage":"en-US"},{"@type":"Organization","@id":"https:\/\/devetoper.com\/en\/#organization","name":"Devetoper","url":"https:\/\/devetoper.com\/en\/","logo":{"@type":"ImageObject","inLanguage":"en-US","@id":"https:\/\/devetoper.com\/en\/#\/schema\/logo\/image\/","url":"https:\/\/devetoper.com\/wp-content\/uploads\/2024\/05\/ORG_FALLBACK.png","contentUrl":"https:\/\/devetoper.com\/wp-content\/uploads\/2024\/05\/ORG_FALLBACK.png","width":696,"height":696,"caption":"Devetoper"},"image":{"@id":"https:\/\/devetoper.com\/en\/#\/schema\/logo\/image\/"},"sameAs":["https:\/\/www.facebook.com\/DEVETOPERCOM","https:\/\/x.com\/DEVETOPER","https:\/\/www.youtube.com\/channel\/UCRF8haCQIXnFKmW464sqApQ","https:\/\/www.tiktok.com\/@devetoper","https:\/\/www.instagram.com\/devetoper_\/"]}]}},"taxonomy_info":[],"featured_image_src_large":false,"author_info":{"display_name":"admin","author_link":"https:\/\/devetoper.com\/en\/author\/admin_000\/"},"comment_info":0,"jetpack_sharing_enabled":true,"_links":{"self":[{"href":"https:\/\/devetoper.com\/en\/wp-json\/wp\/v2\/pages\/10838","targetHints":{"allow":["GET"]}}],"collection":[{"href":"https:\/\/devetoper.com\/en\/wp-json\/wp\/v2\/pages"}],"about":[{"href":"https:\/\/devetoper.com\/en\/wp-json\/wp\/v2\/types\/page"}],"author":[{"embeddable":true,"href":"https:\/\/devetoper.com\/en\/wp-json\/wp\/v2\/users\/1"}],"replies":[{"embeddable":true,"href":"https:\/\/devetoper.com\/en\/wp-json\/wp\/v2\/comments?post=10838"}],"version-history":[{"count":0,"href":"https:\/\/devetoper.com\/en\/wp-json\/wp\/v2\/pages\/10838\/revisions"}],"wp:attachment":[{"href":"https:\/\/devetoper.com\/en\/wp-json\/wp\/v2\/media?parent=10838"}],"curies":[{"name":"wp","href":"https:\/\/api.w.org\/{rel}","templated":true}]}}